{"id":144,"date":"2023-01-15T08:39:16","date_gmt":"2023-01-15T07:39:16","guid":{"rendered":"https:\/\/www.osad.fr\/?page_id=144"},"modified":"2023-04-01T15:11:39","modified_gmt":"2023-04-01T13:11:39","slug":"lassociation","status":"publish","type":"page","link":"https:\/\/www.osad.fr\/index.php\/lassociation\/","title":{"rendered":"L&rsquo;Association"},"content":{"rendered":"\n<p>L&rsquo;association <em>On s\u00e8me \u00e0 Deyme<\/em> a pour buts\u00a0:<\/p>\n\n\n\n<ul class=\"wp-block-list\">\n<li>De permettre des <strong>achats de proximit\u00e9<\/strong>, promouvoir une production locale, de <strong>circuit court<\/strong>, et <strong>respectueuse de l\u2019environnement<\/strong>\u00a0;<\/li>\n\n\n\n<li>De favoriser les \u00e9changes entre les consommateurs et les producteurs locaux&nbsp;;<\/li>\n\n\n\n<li>De promouvoir la <strong>mise en r\u00e9seau d\u2019id\u00e9es et de savoir-faire \u00e9cologique<\/strong>.<\/li>\n<\/ul>\n\n\n\n<p>Par cet objet, elle participe \u00e0 la vie locale et \u00e0 la cr\u00e9ation de lien social.<\/p>\n\n\n\n<div style=\"height:19px\" aria-hidden=\"true\" class=\"wp-block-spacer\"><\/div>\n\n\n\n<p>Dans ce cadre elle d\u00e9veloppe la <strong>mise en place d\u2019un r\u00e9seau de producteurs venant directement livrer leurs produits \u00e0 Deyme<\/strong>:<\/p>\n\n\n\n<p class=\"has-vivid-cyan-blue-color has-text-color\" style=\"font-style:normal;font-weight:900\">1- Un <strong>march\u00e9<\/strong> est organis\u00e9 le premier samedi de chaque mois;<\/p>\n\n\n\n<p class=\"has-vivid-purple-color has-text-color\" style=\"font-style:normal;font-weight:900\">2- Un <strong>d\u00e9p\u00f4t-vente<\/strong> a lieu tous les mardis, de 18h30 \u00e0 20h.<\/p>\n\n\n\n<p>Des <strong>actions en faveur de la biodiversit\u00e9<\/strong> sont r\u00e9guli\u00e8rement organis\u00e9es, en particulier lors des march\u00e9s (information, appui pour des actions concr\u00e8tes \u00e0 Deyme ou ses alentours).<\/p>\n\n\n\n<hr class=\"wp-block-separator has-alpha-channel-opacity\"\/>\n\n\n\n<p class=\"has-vivid-green-cyan-color has-white-background-color has-text-color has-background has-medium-font-size\">Pour nous contacter:                                                                                <strong>onsemeadeyme@gmx.fr<\/strong> (d\u00e9p\u00f4ts, march\u00e9s)               <strong>osadbio@gmx.fr<\/strong> (p\u00f4le biodiversit\u00e9)<\/p>\n\n\n\n<hr class=\"wp-block-separator has-alpha-channel-opacity\"\/>\n\n\n\n<p class=\"has-medium-font-size\"><strong>Nos statuts:<\/strong><\/p>\n\n\n\n<div data-wp-interactive=\"core\/file\" class=\"wp-block-file\"><object data-wp-bind--hidden=\"!state.hasPdfPreview\" hidden class=\"wp-block-file__embed\" data=\"https:\/\/www.osad.fr\/wp-content\/uploads\/2023\/03\/statuts_OnSemeADeyme-1.pdf\" type=\"application\/pdf\" style=\"width:100%;height:200px\" aria-label=\"Contenu embarqu\u00e9 statuts_OnSemeADeyme-1.\"><\/object><a id=\"wp-block-file--media-0b6cf25b-1344-4e39-a420-125a697aa360\" href=\"https:\/\/www.osad.fr\/wp-content\/uploads\/2023\/03\/statuts_OnSemeADeyme-1.pdf\">statuts_OnSemeADeyme-1<\/a><a href=\"https:\/\/www.osad.fr\/wp-content\/uploads\/2023\/03\/statuts_OnSemeADeyme-1.pdf\" class=\"wp-block-file__button wp-element-button\" download aria-describedby=\"wp-block-file--media-0b6cf25b-1344-4e39-a420-125a697aa360\">T\u00e9l\u00e9charger<\/a><\/div>\n","protected":false},"excerpt":{"rendered":"<p>L&rsquo;association On s\u00e8me \u00e0 Deyme a pour buts\u00a0: Par cet objet, elle participe \u00e0 la vie locale et \u00e0 la cr\u00e9ation de lien social. Dans ce cadre elle d\u00e9veloppe la mise en place d\u2019un r\u00e9seau de producteurs venant directement livrer leurs produits \u00e0 Deyme: 1- Un march\u00e9 est organis\u00e9 le premier samedi de chaque mois;&#8230; <\/p>\n<div class=\"link-more\"><a href=\"https:\/\/www.osad.fr\/index.php\/lassociation\/\">En savoir plus<\/a><\/div>\n","protected":false},"author":2,"featured_media":204,"parent":0,"menu_order":0,"comment_status":"closed","ping_status":"closed","template":"","meta":{"footnotes":""},"class_list":["post-144","page","type-page","status-publish","has-post-thumbnail","hentry"],"_links":{"self":[{"href":"https:\/\/www.osad.fr\/index.php\/wp-json\/wp\/v2\/pages\/144","targetHints":{"allow":["GET"]}}],"collection":[{"href":"https:\/\/www.osad.fr\/index.php\/wp-json\/wp\/v2\/pages"}],"about":[{"href":"https:\/\/www.osad.fr\/index.php\/wp-json\/wp\/v2\/types\/page"}],"author":[{"embeddable":true,"href":"https:\/\/www.osad.fr\/index.php\/wp-json\/wp\/v2\/users\/2"}],"replies":[{"embeddable":true,"href":"https:\/\/www.osad.fr\/index.php\/wp-json\/wp\/v2\/comments?post=144"}],"version-history":[{"count":9,"href":"https:\/\/www.osad.fr\/index.php\/wp-json\/wp\/v2\/pages\/144\/revisions"}],"predecessor-version":[{"id":325,"href":"https:\/\/www.osad.fr\/index.php\/wp-json\/wp\/v2\/pages\/144\/revisions\/325"}],"wp:featuredmedia":[{"embeddable":true,"href":"https:\/\/www.osad.fr\/index.php\/wp-json\/wp\/v2\/media\/204"}],"wp:attachment":[{"href":"https:\/\/www.osad.fr\/index.php\/wp-json\/wp\/v2\/media?parent=144"}],"curies":[{"name":"wp","href":"https:\/\/api.w.org\/{rel}","templated":true}]}}