{"id":133,"date":"2022-07-12T20:53:03","date_gmt":"2022-07-12T18:53:03","guid":{"rendered":"https:\/\/www.osad.fr\/?page_id=133"},"modified":"2023-04-01T15:59:50","modified_gmt":"2023-04-01T13:59:50","slug":"biodiversite","status":"publish","type":"page","link":"https:\/\/www.osad.fr\/index.php\/biodiversite\/","title":{"rendered":"Biodiversit\u00e9"},"content":{"rendered":"\n<p class=\"has-medium-font-size\">Via le p\u00f4le &lsquo;Biodiversit\u00e9&rsquo; nous souhaitons engager des <strong>discussions<\/strong>, des r\u00e9flexions, lancer des <strong>actions<\/strong>\u2026 sur le th\u00e8me de la <strong>biodiversit\u00e9 <\/strong>et, plus largement, de la protection de l&rsquo;<strong>environnement<\/strong>.<\/p>\n\n\n\n<p class=\"has-vivid-purple-color has-text-color\">Vous trouverez sur cette page des articles ou liens sur ces sujets qui nous tiennent \u00e0 c\u0153ur!<\/p>\n\n\n\n<p class=\"has-medium-font-size\">Pour nous contacter: <strong>osadbio@gmx.fr<\/strong><\/p>\n\n\n\n<hr class=\"wp-block-separator has-alpha-channel-opacity\"\/>\n\n\n\n<div style=\"height:49px\" aria-hidden=\"true\" class=\"wp-block-spacer\"><\/div>\n\n\n\n<p class=\"has-large-font-size\" id=\"tondeuses\"><strong>D\u2019avril \u00e0 juin, Stop tondeuses !<\/strong><\/p>\n\n\n\n<p>un article de Jean-Louis Hemptinne, Mars 2023<\/p>\n\n\n\n<p><\/p>\n\n\n\n<p class=\"has-vivid-green-cyan-color has-text-color has-medium-font-size\"><strong>Pourquoi ?<\/strong><\/p>\n\n\n\n<p>L\u2019humanit\u00e9 est confront\u00e9e \u00e0 deux d\u00e9fis majeurs interd\u00e9pendants : le d\u00e9r\u00e8glement climatique et l\u2019\u00e9rosion rapide de la biodiversit\u00e9. Depuis le mois de mars 2020, celle-ci a fait plusieurs fois la une des m\u00e9dias car elle a sans doute favoris\u00e9 l\u2019apparition du Covid-19, comme d\u2019autres \u00e9pid\u00e9mies d\u2019origine animale apparues pr\u00e9c\u00e9demment. En effet, l\u2019augmentation des infrastructures construites par les humains et la d\u00e9forestation rapprochent les humains des animaux sauvages. Cette promiscuit\u00e9 accrue cr\u00e9e un contexte favorable pour la transmission de nouvelles maladies.<\/p>\n\n\n\n<div class=\"wp-block-media-text alignwide is-stacked-on-mobile\" style=\"grid-template-columns:34% auto\"><figure class=\"wp-block-media-text__media\"><img loading=\"lazy\" decoding=\"async\" width=\"768\" height=\"1024\" src=\"http:\/\/www.osad.fr\/wp-content\/uploads\/2023\/03\/photoInsecteJardin-768x1024.jpeg\" alt=\"\" class=\"wp-image-292 size-full\" srcset=\"https:\/\/www.osad.fr\/wp-content\/uploads\/2023\/03\/photoInsecteJardin-768x1024.jpeg 768w, https:\/\/www.osad.fr\/wp-content\/uploads\/2023\/03\/photoInsecteJardin-225x300.jpeg 225w, https:\/\/www.osad.fr\/wp-content\/uploads\/2023\/03\/photoInsecteJardin-1152x1536.jpeg 1152w, https:\/\/www.osad.fr\/wp-content\/uploads\/2023\/03\/photoInsecteJardin-1536x2048.jpeg 1536w, https:\/\/www.osad.fr\/wp-content\/uploads\/2023\/03\/photoInsecteJardin-630x840.jpeg 630w, https:\/\/www.osad.fr\/wp-content\/uploads\/2023\/03\/photoInsecteJardin-960x1280.jpeg 960w, https:\/\/www.osad.fr\/wp-content\/uploads\/2023\/03\/photoInsecteJardin-scaled.jpeg 1920w\" sizes=\"auto, (max-width: 768px) 100vw, 768px\" \/><\/figure><div class=\"wp-block-media-text__content\">\n<p>En Europe, l\u2019effondrement de la biodiversit\u00e9 prend un autre visage : <strong>la rar\u00e9faction des insectes<\/strong>. Leur abondance s\u2019est r\u00e9duite de 80 % au cours des 25 derni\u00e8res ann\u00e9es. Les insectes assurent de nombreux fonctions dans la nature (on parle de services \u00e9cosyst\u00e9miques dans le jargon des chercheurs) si bien que leur rar\u00e9faction a un impact direct sur le bien-\u00eatre des hommes. Par exemple, la diminution des effectifs d\u2019insectes pollinisateurs met en p\u00e9ril la reproduction de la plupart des plantes dont les hommes se nourrissent. En effet, les pollinisateurs les fertilisent en transportant le pollen de l\u2019une \u00e0 l\u2019autre. La fertilisation des fleurs est indispensable pour d\u00e9clencher la mise \u00e0 fruit.<\/p>\n<\/div><\/div>\n\n\n\n<p>Les experts internationaux estiment qu\u2019on peut encore \u00e9viter de perdre inexorablement la biodiversit\u00e9 \u00e0 condition d\u2019agir rapidement dans les 10 prochaines ann\u00e9es.<\/p>\n\n\n\n<p>La crise de la biodiversit\u00e9 ne se joue pas que dans le bassin de l\u2019Amazone ou dans les for\u00eats africaines. Elle se d\u00e9roule aussi sur le pas de nos portes ! Dans chaque ville, les espaces verts publics, les bords de route et les foss\u00e9s, les espaces verts des zones d\u2019activit\u00e9 ou les jardins priv\u00e9s forment une toile verte d\u2019une superficie impressionnante, <em><strong>un v\u00e9ritable r\u00e9seau de nature<\/strong><\/em> qui doit \u00eatre mis \u00e0 profit pour offrir des ressources alimentaires et des habitats aux esp\u00e8ces sauvages. Encore faut-il apprendre les techniques \u00e9cologiques de gestion de ces espaces et cesser de les tondre r\u00e9guli\u00e8rement.<\/p>\n\n\n\n<p>Red\u00e9ployer de mani\u00e8re significative la biodiversit\u00e9 n\u00e9cessitera de r\u00e9duire les surfaces b\u00e9tonn\u00e9es ou couvertes de bitume. Les actions en faveur de la biodiversit\u00e9 contribueront alors \u00e0 att\u00e9nuer les effets du r\u00e9chauffement du climat.<\/p>\n\n\n\n<p class=\"has-vivid-green-cyan-color has-text-color has-medium-font-size\"><strong>Comment ? Tondre moins mais mieux !<\/strong><\/p>\n\n\n\n<p>Tondre fr\u00e9quemment les pelouses emp\u00eache la plupart des esp\u00e8ces de plantes de fleurir et de produire des graines. Celles-ci disparaissent donc petit \u00e0 petit, faute de se reproduire. Au contraire, les gramin\u00e9es (les herbes) supportent bien ce r\u00e9gime. Plus on les coupe, plus elles repoussent du pied. Gr\u00e2ce \u00e0 ces repousses, elles colonisent rapidement le terrain au d\u00e9triment des autres plantes qui ne peuvent r\u00e9agir de la m\u00eame mani\u00e8re.<\/p>\n\n\n\n<p>De plus, si l\u2019herbe coup\u00e9e n\u2019est pas ramass\u00e9e et laiss\u00e9e sur place, elle se d\u00e9compose et enrichit le sol. Or, la plupart des esp\u00e8ces de gramin\u00e9es des pelouses sont tr\u00e8s comp\u00e9titrices : c\u2019est-\u00e0-dire qu\u2019elles captent plus vite que les autres esp\u00e8ces les mati\u00e8res nutritives lib\u00e9r\u00e9es par l\u2019herbe coup\u00e9e. Elles poussent donc de plus belle ! En tondant fr\u00e9quemment, nous favorisons les plantes qui repoussent le mieux apr\u00e8s la coupe et, en plus, nous nourrissons ces plantes. Donc, <strong><em>plus on tond, moins il y a de diversit\u00e9 florale et plus il faudra tondre<\/em>.<\/strong><\/p>\n\n\n\n<p>Laisser la tondeuse au repos, c\u2019est la meilleure mani\u00e8re de casser ce cercle vicieux.<\/p>\n\n\n\n<p>Pour y arriver, il faut tondre moins souvent, \u00e0 des moments judicieusement choisis en fonction de l\u2019\u00e9cologie des v\u00e9g\u00e9taux et en appliquant des techniques qui freinent l\u2019exub\u00e9rance des herbes. Il ne s\u2019agit donc pas d\u2019abandonner la pelouse mais de l\u2019<em><strong>entretenir autrement et mieux<\/strong><\/em> pour favoriser le retour des plantes \u00e0 fleurs.<\/p>\n\n\n\n<p>\u00ab&nbsp;Tondre moins mais mieux&nbsp;\u00bb ne veut pas dire abandonner votre jardin et le laisser devenir un espace peu accueillant, envahi de v\u00e9g\u00e9tation exub\u00e9rante. Au contraire, l\u2019id\u00e9e est de partager l\u2019espace avec les fleurs, les insectes, les oiseaux et les petits mammif\u00e8res, comme le h\u00e9risson. Essayer de \u00ab&nbsp;tondre moins mais mieux&nbsp;\u00bb <strong>sur <em>25 \u00e0 30 % de votre jardin<\/em><\/strong>. Pour la biodiversit\u00e9, ce sera magnifique ! Ailleurs, n\u2019h\u00e9sitez pas \u00e0 tondre pour am\u00e9nager un espace pour que les enfants puissent jouer ou que les parents puissent prendre l\u2019ap\u00e9ro !<\/p>\n\n\n\n<p class=\"has-vivid-green-cyan-color has-text-color has-medium-font-size\"><strong>Concr\u00e8tement :<\/strong><\/p>\n\n\n\n<div class=\"wp-block-media-text alignwide is-stacked-on-mobile\" style=\"grid-template-columns:37% auto\"><figure class=\"wp-block-media-text__media\"><img loading=\"lazy\" decoding=\"async\" width=\"724\" height=\"1024\" src=\"http:\/\/www.osad.fr\/wp-content\/uploads\/2023\/03\/tondeuse-724x1024.jpg\" alt=\"\" class=\"wp-image-267 size-full\" srcset=\"https:\/\/www.osad.fr\/wp-content\/uploads\/2023\/03\/tondeuse-724x1024.jpg 724w, https:\/\/www.osad.fr\/wp-content\/uploads\/2023\/03\/tondeuse-212x300.jpg 212w, https:\/\/www.osad.fr\/wp-content\/uploads\/2023\/03\/tondeuse-768x1087.jpg 768w, https:\/\/www.osad.fr\/wp-content\/uploads\/2023\/03\/tondeuse-1085x1536.jpg 1085w, https:\/\/www.osad.fr\/wp-content\/uploads\/2023\/03\/tondeuse-scaled.jpg 1809w\" sizes=\"auto, (max-width: 724px) 100vw, 724px\" \/><\/figure><div class=\"wp-block-media-text__content\">\n<ol class=\"wp-block-list\">\n<li>\u00ab&nbsp;Tondre moins mais mieux&nbsp;\u00bb 25 \u00e0 30 % de la surface du jardin.<\/li>\n\n\n\n<li>Tondre au d\u00e9but du mois de juillet. A ce moment, la majorit\u00e9 des plantes est s\u00e8che et a diss\u00e9min\u00e9 ses graines. Ne pas oublier de ramasser l\u2019herbe coup\u00e9e et de la composter. Comme il s\u2019agit de mati\u00e8re d\u00e9j\u00e0 assez s\u00e8che et bien fibreuse, elle va se composter sans effort.<\/li>\n\n\n\n<li>Tondre une deuxi\u00e8me fois, si n\u00e9cessaire, en novembre ou d\u00e9cembre. Ne pas oublier de ramasser !<\/li>\n<\/ol>\n<\/div><\/div>\n\n\n\n<div data-wp-interactive=\"core\/file\" class=\"wp-block-file\"><object data-wp-bind--hidden=\"!state.hasPdfPreview\" hidden class=\"wp-block-file__embed\" data=\"https:\/\/www.osad.fr\/wp-content\/uploads\/2023\/04\/Stop-tondeuse_Mars23.pdf\" type=\"application\/pdf\" style=\"width:100%;height:200px\" aria-label=\"Contenu embarqu\u00e9 Stop-tondeuse_Mars23.\"><\/object><a id=\"wp-block-file--media-ce2ac951-a7eb-413d-aed5-655384f50240\" href=\"https:\/\/www.osad.fr\/wp-content\/uploads\/2023\/04\/Stop-tondeuse_Mars23.pdf\">Stop-tondeuse_Mars23<\/a><a href=\"https:\/\/www.osad.fr\/wp-content\/uploads\/2023\/04\/Stop-tondeuse_Mars23.pdf\" class=\"wp-block-file__button wp-element-button\" download aria-describedby=\"wp-block-file--media-ce2ac951-a7eb-413d-aed5-655384f50240\">T\u00e9l\u00e9charger<\/a><\/div>\n\n\n\n<div style=\"height:49px\" aria-hidden=\"true\" class=\"wp-block-spacer\"><\/div>\n\n\n\n<hr class=\"wp-block-separator has-alpha-channel-opacity\"\/>\n\n\n\n<figure class=\"wp-block-image size-large\"><img loading=\"lazy\" decoding=\"async\" width=\"1024\" height=\"768\" src=\"http:\/\/www.osad.fr\/wp-content\/uploads\/2023\/03\/Aider-les-abeilles-solitaires-v2-12-1024x768.jpg\" alt=\"\" class=\"wp-image-286\" srcset=\"https:\/\/www.osad.fr\/wp-content\/uploads\/2023\/03\/Aider-les-abeilles-solitaires-v2-12-1024x768.jpg 1024w, https:\/\/www.osad.fr\/wp-content\/uploads\/2023\/03\/Aider-les-abeilles-solitaires-v2-12-300x225.jpg 300w, https:\/\/www.osad.fr\/wp-content\/uploads\/2023\/03\/Aider-les-abeilles-solitaires-v2-12-768x576.jpg 768w, https:\/\/www.osad.fr\/wp-content\/uploads\/2023\/03\/Aider-les-abeilles-solitaires-v2-12-1536x1152.jpg 1536w, https:\/\/www.osad.fr\/wp-content\/uploads\/2023\/03\/Aider-les-abeilles-solitaires-v2-12-400x300.jpg 400w, https:\/\/www.osad.fr\/wp-content\/uploads\/2023\/03\/Aider-les-abeilles-solitaires-v2-12.jpg 2043w\" sizes=\"auto, (max-width: 1024px) 100vw, 1024px\" \/><\/figure>\n\n\n\n<div style=\"height:53px\" aria-hidden=\"true\" class=\"wp-block-spacer\"><\/div>\n\n\n\n<hr class=\"wp-block-separator has-alpha-channel-opacity\"\/>\n\n\n\n<p class=\"has-large-font-size\"><strong>Du 15\/3 au 31\/8, les oiseaux nichent. Patientez pour tailler la haie !<\/strong><\/p>\n\n\n\n<p>un article de Jean-Louis Hemptinne et Isabelle Guyot, Mars 2023<\/p>\n\n\n\n<div class=\"wp-block-media-text alignwide is-stacked-on-mobile\" style=\"grid-template-columns:42% auto\"><figure class=\"wp-block-media-text__media\"><img loading=\"lazy\" decoding=\"async\" width=\"724\" height=\"1024\" src=\"http:\/\/www.osad.fr\/wp-content\/uploads\/2023\/03\/haie-724x1024.jpg\" alt=\"\" class=\"wp-image-268 size-full\" srcset=\"https:\/\/www.osad.fr\/wp-content\/uploads\/2023\/03\/haie-724x1024.jpg 724w, https:\/\/www.osad.fr\/wp-content\/uploads\/2023\/03\/haie-212x300.jpg 212w, https:\/\/www.osad.fr\/wp-content\/uploads\/2023\/03\/haie-768x1087.jpg 768w, https:\/\/www.osad.fr\/wp-content\/uploads\/2023\/03\/haie-1086x1536.jpg 1086w, https:\/\/www.osad.fr\/wp-content\/uploads\/2023\/03\/haie-1448x2048.jpg 1448w, https:\/\/www.osad.fr\/wp-content\/uploads\/2023\/03\/haie.jpg 1683w\" sizes=\"auto, (max-width: 724px) 100vw, 724px\" \/><\/figure><div class=\"wp-block-media-text__content\">\n<p>Cette p\u00e9riode est celle de la reproduction et de la nidification des oiseaux. Certaines esp\u00e8ces sont tr\u00e8s pr\u00e9coces, d\u2019autres moins. Certaines vont syst\u00e9matiquement \u00e9lever deux couv\u00e9es. Il arrive aussi que des oiseaux nicheurs abandonnent une couv\u00e9e quand ils per\u00e7oivent un danger qu\u2019ils n\u2019avaient pas pu pr\u00e9voir lors de la construction du nid. Dans ce cas, ils vont rechercher un endroit propice pour construire un nouveau nid, pondre une nouvelle collection d\u2019\u0153ufs et \u00e9lever une nouvelle nich\u00e9e.<\/p>\n\n\n\n<p><\/p>\n<\/div><\/div>\n\n\n\n<p>Toutes ces activit\u00e9s se d\u00e9roulent en g\u00e9n\u00e9ral de la mi-mars \u00e0 la fin du mois d\u2019ao\u00fbt, p\u00e9riode pendant laquelle les oiseaux trouvent des ressources alimentaires pour \u00e9lever leurs jeunes. A la fin du mois d\u2019ao\u00fbt, les esp\u00e8ces migratrices anticipent d\u00e9j\u00e0 le retour de l\u2019hiver et quittent nos contr\u00e9es.<\/p>\n\n\n\n<p>Vous l\u2019avez compris, du 15\/3 au 31\/8, c\u2019est chaud !<\/p>\n\n\n\n<p>Imaginez le stress qui s\u2019abat sur un oiseau tapi dans la haie, occup\u00e9 \u00e0 couver ses \u0153ufs, lorsque le taille-haie se rapproche ! Souvent, la peur est trop forte. Il s\u2019enfuit, laissant ses \u0153ufs \u00e0 d\u00e9couvert se refroidir, compromettant le d\u00e9veloppement des embryons. Notre envie de jardiner peut donc avoir des cons\u00e9quences n\u00e9fastes pour le succ\u00e8s de nidification.<\/p>\n\n\n\n<p><br>Pour \u00e9viter de perturber les oiseaux en p\u00e9riode de reproduction et prot\u00e9ger la biodiversit\u00e9, prenez l\u2019habitude de tondre vos haies ou d&rsquo;\u00e9laguer vos arbres en automne ou avant la fin de l\u2019hiver !<\/p>\n\n\n\n<p>Prot\u00e9ger la biodiversit\u00e9 ? Une question de timing juste et de bon sens.<\/p>\n","protected":false},"excerpt":{"rendered":"<p>Via le p\u00f4le &lsquo;Biodiversit\u00e9&rsquo; nous souhaitons engager des discussions, des r\u00e9flexions, lancer des actions\u2026 sur le th\u00e8me de la biodiversit\u00e9 et, plus largement, de la protection de l&rsquo;environnement. Vous trouverez sur cette page des articles ou liens sur ces sujets qui nous tiennent \u00e0 c\u0153ur! Pour nous contacter: osadbio@gmx.fr D\u2019avril \u00e0 juin, Stop tondeuses !&#8230; <\/p>\n<div class=\"link-more\"><a href=\"https:\/\/www.osad.fr\/index.php\/biodiversite\/\">En savoir plus<\/a><\/div>\n","protected":false},"author":1,"featured_media":318,"parent":0,"menu_order":0,"comment_status":"closed","ping_status":"closed","template":"","meta":{"footnotes":""},"class_list":["post-133","page","type-page","status-publish","has-post-thumbnail","hentry"],"_links":{"self":[{"href":"https:\/\/www.osad.fr\/index.php\/wp-json\/wp\/v2\/pages\/133","targetHints":{"allow":["GET"]}}],"collection":[{"href":"https:\/\/www.osad.fr\/index.php\/wp-json\/wp\/v2\/pages"}],"about":[{"href":"https:\/\/www.osad.fr\/index.php\/wp-json\/wp\/v2\/types\/page"}],"author":[{"embeddable":true,"href":"https:\/\/www.osad.fr\/index.php\/wp-json\/wp\/v2\/users\/1"}],"replies":[{"embeddable":true,"href":"https:\/\/www.osad.fr\/index.php\/wp-json\/wp\/v2\/comments?post=133"}],"version-history":[{"count":22,"href":"https:\/\/www.osad.fr\/index.php\/wp-json\/wp\/v2\/pages\/133\/revisions"}],"predecessor-version":[{"id":335,"href":"https:\/\/www.osad.fr\/index.php\/wp-json\/wp\/v2\/pages\/133\/revisions\/335"}],"wp:featuredmedia":[{"embeddable":true,"href":"https:\/\/www.osad.fr\/index.php\/wp-json\/wp\/v2\/media\/318"}],"wp:attachment":[{"href":"https:\/\/www.osad.fr\/index.php\/wp-json\/wp\/v2\/media?parent=133"}],"curies":[{"name":"wp","href":"https:\/\/api.w.org\/{rel}","templated":true}]}}